{"id":820,"date":"2024-10-22T05:59:19","date_gmt":"2024-10-22T05:59:19","guid":{"rendered":"http:\/\/192.168.0.134:10012\/?page_id=820"},"modified":"2025-04-07T12:32:38","modified_gmt":"2025-04-07T12:32:38","slug":"about-us","status":"publish","type":"page","link":"https:\/\/sbp-senegal.com\/?page_id=820","title":{"rendered":"About Us"},"content":{"rendered":"\t\t<div data-elementor-type=\"wp-page\" data-elementor-id=\"820\" class=\"elementor elementor-820\" data-elementor-post-type=\"page\">\n\t\t\t\t<div class=\"no-position  elementor-element elementor-element-8a8fff7 e-flex e-con-boxed e-con e-parent\" data-id=\"8a8fff7\" data-element_type=\"container\" data-settings=\"{&quot;background_background&quot;:&quot;classic&quot;}\">\n\t\t\t\t\t<div class=\"e-con-inner\">\n\t\t\t\t<div class=\"elementor-element elementor-element-dee29e9 gsap-move-no elementor-widget elementor-widget-page-title\" data-id=\"dee29e9\" data-element_type=\"widget\" data-settings=\"{&quot;align&quot;:&quot;center&quot;}\" data-widget_type=\"page-title.default\">\n\t\t\t\t<div class=\"elementor-widget-container\">\n\t\t\t\t\t\t\t\n\t\t<div class=\"hfe-page-title hfe-page-title-wrapper elementor-widget-heading\">\n\t\t\t\n\t\t\t<h1 class=\"elementor-heading-title elementor-size\">\n\t\t\t\tA propos de nous\t\t\t<\/h1 > \n\n\t\t\t\t\t\t\t\t<\/div>\n\t\t\t\t\t\t<\/div>\n\t\t\t\t<\/div>\n\t\t\t\t\t<\/div>\n\t\t\t\t<\/div>\n\t\t<div class=\"no-position  elementor-element elementor-element-82ee86d e-flex e-con-boxed e-con e-parent\" data-id=\"82ee86d\" data-element_type=\"container\">\n\t\t\t\t\t<div class=\"e-con-inner\">\n\t\t<div class=\"no-position  elementor-element elementor-element-37b1d34 e-con-full e-flex e-con e-child\" data-id=\"37b1d34\" data-element_type=\"container\" data-settings=\"{&quot;background_background&quot;:&quot;classic&quot;}\">\n\t\t\t\t<div class=\"elementor-element elementor-element-bc67a88 elementor-absolute elementor-hidden-tablet elementor-hidden-mobile gsap-move-no elementor-widget elementor-widget-rs-image\" data-id=\"bc67a88\" data-element_type=\"widget\" data-settings=\"{&quot;_position&quot;:&quot;absolute&quot;}\" data-widget_type=\"rs-image.default\">\n\t\t\t\t<div class=\"elementor-widget-container\">\n\t\t\t\t\t\n        <div class=\"rs-image  ruler_image_ ruler_position_  \">\n                                                            <img decoding=\"async\" class=\"rs-multi-image  reverse- blend_unset\" src=\"http:\/\/demo.rstheme.com\/wordpress\/abuild\/wp-content\/uploads\/2025\/01\/line-2.png\" alt=\"line 2\"\/>\n                                                                        <\/div>   \n          \n    \t\t\t\t<\/div>\n\t\t\t\t<\/div>\n\t\t\t\t<div class=\"elementor-element elementor-element-e3d3602 gsap-move-no elementor-widget elementor-widget-rs-image\" data-id=\"e3d3602\" data-element_type=\"widget\" data-widget_type=\"rs-image.default\">\n\t\t\t\t<div class=\"elementor-widget-container\">\n\t\t\t\t\t\n        <div class=\"rs-image no ruler_image_no ruler_position_  \">\n                                                            <img decoding=\"async\" class=\"rs-multi-image  reverse- blend_unset\" src=\"https:\/\/sbp-senegal.com\/wp-content\/uploads\/2025\/04\/Nouveau-projet-6-1.webp\" alt=\"Nouveau projet-6\"\/>\n                                                                        <\/div>   \n          \n    \t\t\t\t<\/div>\n\t\t\t\t<\/div>\n\t\t\r\n            <style>\r\n                .elementor-element-157290b::before{\n    position: absolute;\n    content: \"\";\n    right: auto;\n    top: -30px;\n    width: 0;\n    height: 0;\n      border-bottom: 30px solid  #C74A1A;\n      border-left: 30px solid transparent;\n    z-index: 9;\n    left: 0;\n}            <\/style>\r\n\r\n        <div class=\"no-position  elementor-element elementor-element-157290b e-con-full e-transform e-flex e-con e-child\" data-id=\"157290b\" data-element_type=\"container\" data-settings=\"{&quot;background_background&quot;:&quot;classic&quot;,&quot;position&quot;:&quot;absolute&quot;,&quot;_transform_translateX_effect&quot;:{&quot;unit&quot;:&quot;px&quot;,&quot;size&quot;:0,&quot;sizes&quot;:[]},&quot;_transform_translateX_effect_laptop&quot;:{&quot;unit&quot;:&quot;px&quot;,&quot;size&quot;:&quot;&quot;,&quot;sizes&quot;:[]},&quot;_transform_translateX_effect_tablet&quot;:{&quot;unit&quot;:&quot;px&quot;,&quot;size&quot;:&quot;&quot;,&quot;sizes&quot;:[]},&quot;_transform_translateX_effect_mobile&quot;:{&quot;unit&quot;:&quot;px&quot;,&quot;size&quot;:&quot;&quot;,&quot;sizes&quot;:[]},&quot;_transform_translateY_effect&quot;:{&quot;unit&quot;:&quot;px&quot;,&quot;size&quot;:&quot;&quot;,&quot;sizes&quot;:[]},&quot;_transform_translateY_effect_laptop&quot;:{&quot;unit&quot;:&quot;px&quot;,&quot;size&quot;:&quot;&quot;,&quot;sizes&quot;:[]},&quot;_transform_translateY_effect_tablet&quot;:{&quot;unit&quot;:&quot;px&quot;,&quot;size&quot;:&quot;&quot;,&quot;sizes&quot;:[]},&quot;_transform_translateY_effect_mobile&quot;:{&quot;unit&quot;:&quot;px&quot;,&quot;size&quot;:&quot;&quot;,&quot;sizes&quot;:[]}}\">\n\t\t\t\t<\/div>\n\t\t\t\t<\/div>\n\t\t<div class=\"no-position  elementor-element elementor-element-15d590f e-con-full e-flex e-con e-child\" data-id=\"15d590f\" data-element_type=\"container\">\n\t\t\t\t<div class=\"elementor-element elementor-element-0a30500 gsap-move-no elementor-widget elementor-widget-rs-heading\" data-id=\"0a30500\" data-element_type=\"widget\" data-widget_type=\"rs-heading.default\">\n\t\t\t\t<div class=\"elementor-widget-container\">\n\t\t\t\t\t\n\t\t<div class=\"prelements-heading style1  left  animate-\">\n\t\t\t<div class=\"title-inner\">\n\t\t\t\t\t\t\t\t\t<span class=\"sub-text\">\n\t\t\t\t\t\t<svg aria-hidden=\"true\" class=\"e-font-icon-svg e-far-check-circle\" viewBox=\"0 0 512 512\" xmlns=\"http:\/\/www.w3.org\/2000\/svg\"><path d=\"M256 8C119.033 8 8 119.033 8 256s111.033 248 248 248 248-111.033 248-248S392.967 8 256 8zm0 48c110.532 0 200 89.451 200 200 0 110.532-89.451 200-200 200-110.532 0-200-89.451-200-200 0-110.532 89.451-200 200-200m140.204 130.267l-22.536-22.718c-4.667-4.705-12.265-4.736-16.97-.068L215.346 303.697l-59.792-60.277c-4.667-4.705-12.265-4.736-16.97-.069l-22.719 22.536c-4.705 4.667-4.736 12.265-.068 16.971l90.781 91.516c4.667 4.705 12.265 4.736 16.97.068l172.589-171.204c4.704-4.668 4.734-12.266.067-16.971z\"><\/path><\/svg>ENTREPRISE DE CONSTRUCTION ET D'AGRICULTURE\t\t\t\t\t<\/span>\n\t\t\t\t<h2 class=\"title rs-split-text-enable split-in-fade\">Construisez vos visions, cr\u00e9ez la r\u00e9alit\u00e9<\/h2>\n\t\t\t<\/div>\n\t\t\t\t\t\t\t<div class=\"description\">\n\t\t\t\t\t<p>\u00c0 la crois\u00e9e de l'innovation, de la qualit\u00e9 et de l'engagement, nous transformons vos id\u00e9es en projets durables et sur mesure, en alliant savoir-faire traditionnel et technologies modernes dans les domaines de la construction et de l\u2019agriculture.<\/p>\t\t\t\t<\/div>\n\t\t\t\t\t<\/div>\n\t\t\t\t<\/div>\n\t\t\t\t<\/div>\n\t\t\t\t<div class=\"elementor-element elementor-element-68f20a0 elementor-widget-tablet__width-inherit gsap-move-no elementor-widget elementor-widget-rs-tab-advanced\" data-id=\"68f20a0\" data-element_type=\"widget\" data-widget_type=\"rs-tab-advanced.default\">\n\t\t\t\t<div class=\"elementor-widget-container\">\n\t\t\t\t\t\n\n\n        <div class=\"rstab-main horizontal tab_68f20a0 auto_switch_no full_tab_item  style1\">\n            <nav class=\"tab-menu-wrapper\">\n                <div class=\"nav nav-tabs none\" id=\"nav-tab-68f20a0\" role=\"tablist\">\n                                            <button class=\"nav-link active count_number_no\" id=\"nav-home-1-2507924\" data-bs-toggle=\"tab\" data-bs-target=\"#tab1-2507924\" type=\"button\" role=\"tab\" aria-controls=\"nav-home-1-2507924\" aria-selected=\"true\">\n                            Notre mission                        <\/button>\n\n                                            <button class=\"nav-link  count_number_no\" id=\"nav-home-2-2507924\" data-bs-toggle=\"tab\" data-bs-target=\"#tab2-2507924\" type=\"button\" role=\"tab\" aria-controls=\"nav-home-2-2507924\" aria-selected=\"true\">\n                            Notre vision                        <\/button>\n\n                                            <button class=\"nav-link  count_number_no\" id=\"nav-home-3-2507924\" data-bs-toggle=\"tab\" data-bs-target=\"#tab3-2507924\" type=\"button\" role=\"tab\" aria-controls=\"nav-home-3-2507924\" aria-selected=\"true\">\n                            Notre histoire                        <\/button>\n\n                                    <\/div>\n            <\/nav>\n            <div class=\"tab-content\" id=\"nav-tabContent-68f20a0\">\n                                    <div class=\"tab-pane fade show active\" id=\"tab1-2507924\" role=\"tabpanel\" aria-labelledby=\"nav-home-1-2507924\">\n                                                                                                                <div class=\"content--teb-area full-sec\">\n                                    \n                                    <div class=\"content--left-area\">\n                                        \n                                        \n                                        <div class=\"desc_btn_wrapper\">\n                                                                                            <p>Notre mission est de cr\u00e9er des solutions durables et innovantes en construction et agriculture, alliant expertise traditionnelle et technologies modernes pour r\u00e9pondre aux besoins sp\u00e9cifiques de nos clients.<\/p>                                                                                    <\/div>\n                                        \n                                        \n                                                                            <\/div>\n                                <\/div>\n                            \n                                            <\/div>\n\n                                    <div class=\"tab-pane fade \" id=\"tab2-2507924\" role=\"tabpanel\" aria-labelledby=\"nav-home-2-2507924\">\n                                                                                                                <div class=\"content--teb-area full-sec\">\n                                    \n                                    <div class=\"content--left-area\">\n                                        \n                                        \n                                        <div class=\"desc_btn_wrapper\">\n                                                                                            <p>Notre vision est de devenir un leader dans la construction et l\u2019agriculture durable, en inspirant l\u2019innovation et en cr\u00e9ant un impact positif pour les g\u00e9n\u00e9rations futures.<\/p>                                                                                    <\/div>\n                                        \n                                        \n                                                                            <\/div>\n                                <\/div>\n                            \n                                            <\/div>\n\n                                    <div class=\"tab-pane fade \" id=\"tab3-2507924\" role=\"tabpanel\" aria-labelledby=\"nav-home-3-2507924\">\n                                                                                                                <div class=\"content--teb-area full-sec\">\n                                    \n                                    <div class=\"content--left-area\">\n                                        \n                                        \n                                        <div class=\"desc_btn_wrapper\">\n                                                                                            <p>Depuis notre cr\u00e9ation, SENE BATI PLUS allie innovation et expertise dans la construction et l\u2019agriculture, offrant des solutions durables et de qualit\u00e9 pour r\u00e9pondre aux besoins de nos clients.<\/p>                                                                                    <\/div>\n                                        \n                                        \n                                                                            <\/div>\n                                <\/div>\n                            \n                                            <\/div>\n\n                            <\/div>\n        <\/div>\n        \n        <div class=\"accordion tab-menu-wrapper accordion-menu-wrapper rs_horizontal\" id=\"accordionExample-68f20a0\">\n\n                            <div class=\"accordion-item nav-tabs\">\n                    \n                    <div class=\"accordion-headerd\" id=\"heading_1-2507924\">\n                        <button class=\"nav-link accordion-button collapsed show\" type=\"button\" data-bs-toggle=\"collapse\" data-bs-target=\"#collapse_1-2507924\" aria-expanded=\"true\" aria-controls=\"collapse_1-2507924\">\n                            <span class=\"nav-btn-icon\">\n                                                            <\/span>\n                            Notre mission                        <\/button>\n                    <\/div>\n\n                    <div id=\"collapse_1-2507924\" class=\"accordion-collapse collapse show\" aria-labelledby=\"heading_1-2507924\" data-bs-parent=\"#accordionExample-68f20a0\">\n                        <div class=\"tab-pane\">\n                                                                                                                            <div class=\"content--teb-area full-sec\">\n                                    \n                                    <div class=\"content--left-area\">\n\n                                        \n                                                                                <div class=\"desc_btn_wrapper\">\n                                                                                            <p>Notre mission est de cr\u00e9er des solutions durables et innovantes en construction et agriculture, alliant expertise traditionnelle et technologies modernes pour r\u00e9pondre aux besoins sp\u00e9cifiques de nos clients.<\/p>                                                                                    <\/div>\n\n                                        \n                                                                            <\/div>\n                                <\/div>\n                                                                                    <\/div>\n                    <\/div>\n                <\/div>\n                            <div class=\"accordion-item nav-tabs\">\n                    \n                    <div class=\"accordion-headerd\" id=\"heading_2-2507924\">\n                        <button class=\"nav-link accordion-button collapsed \" type=\"button\" data-bs-toggle=\"collapse\" data-bs-target=\"#collapse_2-2507924\" aria-expanded=\"true\" aria-controls=\"collapse_2-2507924\">\n                            <span class=\"nav-btn-icon\">\n                                                            <\/span>\n                            Notre vision                        <\/button>\n                    <\/div>\n\n                    <div id=\"collapse_2-2507924\" class=\"accordion-collapse collapse \" aria-labelledby=\"heading_2-2507924\" data-bs-parent=\"#accordionExample-68f20a0\">\n                        <div class=\"tab-pane\">\n                                                                                                                            <div class=\"content--teb-area full-sec\">\n                                    \n                                    <div class=\"content--left-area\">\n\n                                        \n                                                                                <div class=\"desc_btn_wrapper\">\n                                                                                            <p>Notre vision est de devenir un leader dans la construction et l\u2019agriculture durable, en inspirant l\u2019innovation et en cr\u00e9ant un impact positif pour les g\u00e9n\u00e9rations futures.<\/p>                                                                                    <\/div>\n\n                                        \n                                                                            <\/div>\n                                <\/div>\n                                                                                    <\/div>\n                    <\/div>\n                <\/div>\n                            <div class=\"accordion-item nav-tabs\">\n                    \n                    <div class=\"accordion-headerd\" id=\"heading_3-2507924\">\n                        <button class=\"nav-link accordion-button collapsed \" type=\"button\" data-bs-toggle=\"collapse\" data-bs-target=\"#collapse_3-2507924\" aria-expanded=\"true\" aria-controls=\"collapse_3-2507924\">\n                            <span class=\"nav-btn-icon\">\n                                                            <\/span>\n                            Notre histoire                        <\/button>\n                    <\/div>\n\n                    <div id=\"collapse_3-2507924\" class=\"accordion-collapse collapse \" aria-labelledby=\"heading_3-2507924\" data-bs-parent=\"#accordionExample-68f20a0\">\n                        <div class=\"tab-pane\">\n                                                                                                                            <div class=\"content--teb-area full-sec\">\n                                    \n                                    <div class=\"content--left-area\">\n\n                                        \n                                                                                <div class=\"desc_btn_wrapper\">\n                                                                                            <p>Depuis notre cr\u00e9ation, SENE BATI PLUS allie innovation et expertise dans la construction et l\u2019agriculture, offrant des solutions durables et de qualit\u00e9 pour r\u00e9pondre aux besoins de nos clients.<\/p>                                                                                    <\/div>\n\n                                        \n                                                                            <\/div>\n                                <\/div>\n                                                                                    <\/div>\n                    <\/div>\n                <\/div>\n                    <\/div>\n\t\t\t\t<\/div>\n\t\t\t\t<\/div>\n\t\t\t\t<\/div>\n\t\t\t\t\t<\/div>\n\t\t\t\t<\/div>\n\t\t\t\t<\/div>\n\t\t","protected":false},"excerpt":{"rendered":"<p>A propos de nous ENTREPRISE DE CONSTRUCTION ET D&rsquo;AGRICULTURE Construisez vos visions, cr\u00e9ez la r\u00e9alit\u00e9 \u00c0 la crois\u00e9e de l&rsquo;innovation, de la qualit\u00e9 et de l&rsquo;engagement, nous transformons vos id\u00e9es en projets durables et sur mesure, en alliant savoir-faire traditionnel et technologies modernes dans les domaines de la construction et de l\u2019agriculture. Notre mission Notre&#8230;<\/p>\n","protected":false},"author":1,"featured_media":0,"parent":0,"menu_order":0,"comment_status":"closed","ping_status":"closed","template":"elementor_header_footer","meta":{"_monsterinsights_skip_tracking":false,"_monsterinsights_sitenote_active":false,"_monsterinsights_sitenote_note":"","_monsterinsights_sitenote_category":0,"footnotes":""},"class_list":["post-820","page","type-page","status-publish","hentry"],"aioseo_notices":[],"_links":{"self":[{"href":"https:\/\/sbp-senegal.com\/index.php?rest_route=\/wp\/v2\/pages\/820","targetHints":{"allow":["GET"]}}],"collection":[{"href":"https:\/\/sbp-senegal.com\/index.php?rest_route=\/wp\/v2\/pages"}],"about":[{"href":"https:\/\/sbp-senegal.com\/index.php?rest_route=\/wp\/v2\/types\/page"}],"author":[{"embeddable":true,"href":"https:\/\/sbp-senegal.com\/index.php?rest_route=\/wp\/v2\/users\/1"}],"replies":[{"embeddable":true,"href":"https:\/\/sbp-senegal.com\/index.php?rest_route=%2Fwp%2Fv2%2Fcomments&post=820"}],"version-history":[{"count":31,"href":"https:\/\/sbp-senegal.com\/index.php?rest_route=\/wp\/v2\/pages\/820\/revisions"}],"predecessor-version":[{"id":16477,"href":"https:\/\/sbp-senegal.com\/index.php?rest_route=\/wp\/v2\/pages\/820\/revisions\/16477"}],"wp:attachment":[{"href":"https:\/\/sbp-senegal.com\/index.php?rest_route=%2Fwp%2Fv2%2Fmedia&parent=820"}],"curies":[{"name":"wp","href":"https:\/\/api.w.org\/{rel}","templated":true}]}}