{"id":31,"date":"2024-10-20T10:05:24","date_gmt":"2024-10-20T10:05:24","guid":{"rendered":"http:\/\/192.168.0.134:10012\/?page_id=31"},"modified":"2025-04-07T12:44:57","modified_gmt":"2025-04-07T12:44:57","slug":"construction-deck","status":"publish","type":"page","link":"https:\/\/sbp-senegal.com\/?page_id=31","title":{"rendered":"Construction Deck"},"content":{"rendered":"\t\t<div data-elementor-type=\"wp-page\" data-elementor-id=\"31\" class=\"elementor elementor-31\" data-elementor-post-type=\"page\">\n\t\t\t\t<div class=\"no-position  rs-sticky-default elementor-element elementor-element-54c0d68 e-con-full e-flex e-con e-parent\" data-id=\"54c0d68\" data-element_type=\"container\" data-settings=\"{&quot;background_background&quot;:&quot;classic&quot;}\">\n\t\t\t\t<div class=\"elementor-element elementor-element-20ac840 gsap-move-no elementor-widget elementor-widget-rs-rain-animates\" data-id=\"20ac840\" data-element_type=\"widget\" data-widget_type=\"rs-rain-animates.default\">\n\t\t\t\t<div class=\"elementor-widget-container\">\n\t\t\t\t\t\t    <div class=\"rs-rain-animate\">\r\n              \r\n                                        <div class=\"line\"><\/div>\r\n                <div class=\"line\"><\/div>\r\n                <div class=\"line\"><\/div>\r\n                <div class=\"line\"><\/div>\r\n                        \t    <\/div>\r\n\t\t\t\t\t\t<\/div>\n\t\t\t\t<\/div>\n\t\t<div class=\"no-position  rs-sticky-default elementor-element elementor-element-09d9cc9 e-con-full elementor-hidden-tablet elementor-hidden-mobile e-flex e-con e-child\" data-id=\"09d9cc9\" data-element_type=\"container\" data-settings=\"{&quot;background_background&quot;:&quot;classic&quot;}\">\n\t\t\t\t<div class=\"elementor-element elementor-element-d11af1a e-transform e-transform gsap-move-no elementor-widget elementor-widget-rs-divider\" data-id=\"d11af1a\" data-element_type=\"widget\" data-settings=\"{&quot;_transform_flipY_effect&quot;:&quot;transform&quot;,&quot;_transform_rotateZ_effect&quot;:{&quot;unit&quot;:&quot;px&quot;,&quot;size&quot;:&quot;&quot;,&quot;sizes&quot;:[]},&quot;_transform_rotateZ_effect_laptop&quot;:{&quot;unit&quot;:&quot;deg&quot;,&quot;size&quot;:&quot;&quot;,&quot;sizes&quot;:[]},&quot;_transform_rotateZ_effect_tablet&quot;:{&quot;unit&quot;:&quot;deg&quot;,&quot;size&quot;:&quot;&quot;,&quot;sizes&quot;:[]},&quot;_transform_rotateZ_effect_mobile&quot;:{&quot;unit&quot;:&quot;deg&quot;,&quot;size&quot;:&quot;&quot;,&quot;sizes&quot;:[]}}\" data-widget_type=\"rs-divider.default\">\n\t\t\t\t<div class=\"elementor-widget-container\">\n\t\t\t\t\t\n\t\t<div class=\"rs-divider\"> <\/div>\n\n\t\t\t\t\t<\/div>\n\t\t\t\t<\/div>\n\t\t\t\t<\/div>\n\t\t<div class=\"no-position  rs-sticky-default elementor-element elementor-element-1b56099 e-flex e-con-boxed e-con e-child\" data-id=\"1b56099\" data-element_type=\"container\" data-settings=\"{&quot;background_background&quot;:&quot;classic&quot;}\">\n\t\t\t\t\t<div class=\"e-con-inner\">\n\t\t<div class=\"no-position  rs-sticky-default elementor-element elementor-element-b27648c e-con-full e-flex e-con e-child\" data-id=\"b27648c\" data-element_type=\"container\" data-settings=\"{&quot;background_background&quot;:&quot;classic&quot;,&quot;animation&quot;:&quot;none&quot;}\">\n\t\t\t\t<div class=\"elementor-element elementor-element-e0ad0ec elementor-widget-laptop__width-inherit gsap-move-no elementor-invisible elementor-widget elementor-widget-rs-heading\" data-id=\"e0ad0ec\" data-element_type=\"widget\" data-settings=\"{&quot;_animation&quot;:&quot;fadeInLeft&quot;}\" data-widget_type=\"rs-heading.default\">\n\t\t\t\t<div class=\"elementor-widget-container\">\n\t\t\t\t\t\n\t\t<div class=\"prelements-heading default    animate-\">\n\t\t\t<div class=\"title-inner\">\n\t\t\t\t\t\t\t\t\t<span class=\"sub-text\">\n\t\t\t\t\t\tBienvenue dans NOTRE entreprise\t\t\t\t\t<\/span>\n\t\t\t\t<h1 class=\"title rs-split-text-disable \">Nous <span>Construisons<\/span> Votre Maison de r\u00eave<\/h1>\n\t\t\t<\/div>\n\t\t\t\t\t\t\t<div class=\"description\">\n\t\t\t\t\t<p>Chez SENE BATI PLUS, nous aidons les particuliers et les familles \u00e0 b\u00e2tir un avenir solide en leur offrant des services de construction de qualit\u00e9, alliant savoir-faire, durabilit\u00e9 et respect des normes. Que ce soit pour des logements, des b\u00e2timents commerciaux ou des infrastructures communautaires, notre \u00e9quipe s'engage \u00e0 construire avec rigueur, transparence et professionnalisme.<\/p>\t\t\t\t<\/div>\n\t\t\t\t\t<\/div>\n\t\t\t\t<\/div>\n\t\t\t\t<\/div>\n\t\t<div class=\"no-position  rs-sticky-default elementor-element elementor-element-8ee1e4b e-con-full animated-slow e-flex elementor-invisible e-con e-child\" data-id=\"8ee1e4b\" data-element_type=\"container\" data-settings=\"{&quot;animation&quot;:&quot;fadeInUp&quot;}\">\n\t\t<div class=\"no-position  rs-sticky-default elementor-element elementor-element-925b6ea e-con-full e-flex e-con e-child\" data-id=\"925b6ea\" data-element_type=\"container\">\n\t\t\t\t<\/div>\n\t\t\t\t<\/div>\n\t\t\t\t<\/div>\n\t\t<div class=\"no-position  rs-sticky-default elementor-element elementor-element-5884d80 e-con-full e-flex e-con e-child\" data-id=\"5884d80\" data-element_type=\"container\" data-settings=\"{&quot;background_background&quot;:&quot;classic&quot;,&quot;animation&quot;:&quot;none&quot;}\">\n\t\t<div class=\"no-position  rs-sticky-default elementor-element elementor-element-8485946 e-con-full animated-slow e-flex elementor-invisible e-con e-child\" data-id=\"8485946\" data-element_type=\"container\" data-settings=\"{&quot;animation&quot;:&quot;fadeInUp&quot;}\">\n\t\t<div class=\"no-position  rs-sticky-default elementor-element elementor-element-32c813f e-con-full e-flex e-con e-child\" data-id=\"32c813f\" data-element_type=\"container\">\n\t\t\t\t<div class=\"elementor-element elementor-element-9a012fb gsap-move-no elementor-widget elementor-widget-rs-image\" data-id=\"9a012fb\" data-element_type=\"widget\" data-widget_type=\"rs-image.default\">\n\t\t\t\t<div class=\"elementor-widget-container\">\n\t\t\t\t\t\n        <div class=\"rs-image no ruler_image_ ruler_position_  \">\n                                                            <img decoding=\"async\" class=\"rs-multi-image  reverse- blend_unset\" src=\"https:\/\/sbp-senegal.com\/wp-content\/uploads\/2025\/04\/Nouveau-projet.webp\" alt=\"Nouveau projet\"\/>\n                                                                        <\/div>   \n          \n    \t\t\t\t<\/div>\n\t\t\t\t<\/div>\n\t\t\t\t<\/div>\n\t\t\t\t<\/div>\n\t\t\t\t<\/div>\n\t\t\t\t\t<\/div>\n\t\t\t\t<\/div>\n\t\t\t\t<\/div>\n\t\t<div class=\"no-position  rs-sticky-default elementor-element elementor-element-8b1b386 e-flex e-con-boxed e-con e-parent\" data-id=\"8b1b386\" data-element_type=\"container\" data-settings=\"{&quot;background_background&quot;:&quot;classic&quot;}\">\n\t\t\t\t\t<div class=\"e-con-inner\">\n\t\t<div class=\"no-position  rs-sticky-default elementor-element elementor-element-973640e e-con-full e-flex e-con e-child\" data-id=\"973640e\" data-element_type=\"container\">\n\t\t<div class=\"no-position  rs-sticky-default elementor-element elementor-element-d56774b e-con-full e-flex e-con e-child\" data-id=\"d56774b\" data-element_type=\"container\" data-settings=\"{&quot;background_background&quot;:&quot;classic&quot;}\">\n\t\t<div class=\"no-position  rs-sticky-default elementor-element elementor-element-f4e06c9 e-flex e-con-boxed e-con e-child\" data-id=\"f4e06c9\" data-element_type=\"container\" data-settings=\"{&quot;background_background&quot;:&quot;classic&quot;}\">\n\t\t\t\t\t<div class=\"e-con-inner\">\n\t\t<div class=\"no-position  rs-sticky-default elementor-element elementor-element-6d4f606 e-con-full e-flex e-con e-child\" data-id=\"6d4f606\" data-element_type=\"container\">\n\t\t\t\t<div class=\"elementor-element elementor-element-c26b7c5 elementor-widget__width-initial gsap-move-no elementor-widget elementor-widget-rs-heading\" data-id=\"c26b7c5\" data-element_type=\"widget\" data-widget_type=\"rs-heading.default\">\n\t\t\t\t<div class=\"elementor-widget-container\">\n\t\t\t\t\t\n\t\t<div class=\"prelements-heading style1  left  animate-\">\n\t\t\t<div class=\"title-inner\">\n\t\t\t\t\t\t\t\t\t<span class=\"sub-text\">\n\t\t\t\t\t\tServices\t\t\t\t\t<\/span>\n\t\t\t\t<h2 class=\"title rs-split-text-enable split-in-fade\">\nFournir des solutions de toutes sortes<\/h2>\n\t\t\t<\/div>\n\t\t\t\t\t<\/div>\n\t\t\t\t<\/div>\n\t\t\t\t<\/div>\n\t\t\t\t<\/div>\n\t\t<div class=\"no-position  rs-sticky-default elementor-element elementor-element-a78b110 e-con-full e-flex e-con e-child\" data-id=\"a78b110\" data-element_type=\"container\">\n\t\t\t\t<div class=\"elementor-element elementor-element-2de9ec6 gsap-move-no elementor-widget elementor-widget-rs-service-slider\" data-id=\"2de9ec6\" data-element_type=\"widget\" data-widget_type=\"rs-service-slider.default\">\n\t\t\t\t<div class=\"elementor-widget-container\">\n\t\t\t\t\t        \r\n                    <div class=\"rsaddon-unique-slider \">\r\n                <div id=\"rsaddon-slick-slider-7806\" class=\"rs-addon-slider rs-addon-slider-7806  rs-services-slider arrow_show_enable  service-style-4 slick-dots-1 nav-icon-2\">\r\n        \r\n            \r\n    <div class=\"grid-item\">\r\n    <div class=\"rs-service-slider elementor-repeater-item-889b9b5\">\r\n        <div class=\"feature-img\">\r\n            <img fetchpriority=\"high\" decoding=\"async\" width=\"700\" height=\"472\" src=\"https:\/\/sbp-senegal.com\/wp-content\/uploads\/2025\/04\/image2-700x472.webp\" class=\"attachment-abuild_blog-transparent size-abuild_blog-transparent\" alt=\"image2\" srcset=\"https:\/\/sbp-senegal.com\/wp-content\/uploads\/2025\/04\/image2-700x472.webp 700w, https:\/\/sbp-senegal.com\/wp-content\/uploads\/2025\/04\/image2-666x450.webp 666w\" sizes=\"(max-width: 700px) 100vw, 700px\" \/>        <\/div>\r\n\r\n        <div class=\"service-title-holder btn_\">\r\n                        \r\n            <div class=\"service-content-area\">\r\n            \r\n                                    <!-- Button Style -->\r\n                        <!-- Button Style End -->\r\n            <\/div>\r\n        <\/div>\r\n    <\/div>\r\n<\/div>\r\n    <div class=\"grid-item\">\r\n    <div class=\"rs-service-slider elementor-repeater-item-ad020fd\">\r\n        <div class=\"feature-img\">\r\n                    <\/div>\r\n\r\n        <div class=\"service-title-holder btn_\">\r\n                                <div class=\"service-img image-type \">\r\n                        <img decoding=\"async\" width=\"700\" height=\"472\" src=\"https:\/\/sbp-senegal.com\/wp-content\/uploads\/2025\/04\/building-1-700x472.webp\" class=\"attachment-abuild_blog-transparent size-abuild_blog-transparent\" alt=\"building\" srcset=\"https:\/\/sbp-senegal.com\/wp-content\/uploads\/2025\/04\/building-1-700x472.webp 700w, https:\/\/sbp-senegal.com\/wp-content\/uploads\/2025\/04\/building-1-666x450.webp 666w\" sizes=\"(max-width: 700px) 100vw, 700px\" \/>                    <\/div>\r\n                            \r\n            <div class=\"service-content-area\">\r\n            \r\n                                    <!-- Button Style -->\r\n                        <!-- Button Style End -->\r\n            <\/div>\r\n        <\/div>\r\n    <\/div>\r\n<\/div>\r\n    <div class=\"grid-item\">\r\n    <div class=\"rs-service-slider elementor-repeater-item-051f988\">\r\n        <div class=\"feature-img\">\r\n                    <\/div>\r\n\r\n        <div class=\"service-title-holder btn_\">\r\n                                <div class=\"service-img image-type \">\r\n                        <img decoding=\"async\" width=\"700\" height=\"520\" src=\"https:\/\/sbp-senegal.com\/wp-content\/uploads\/2025\/04\/Nouveau-projet-14-700x520.webp\" class=\"attachment-abuild_blog-transparent size-abuild_blog-transparent\" alt=\"Nouveau projet-14\" \/>                    <\/div>\r\n                            \r\n            <div class=\"service-content-area\">\r\n            \r\n                                    <!-- Button Style -->\r\n                        <!-- Button Style End -->\r\n            <\/div>\r\n        <\/div>\r\n    <\/div>\r\n<\/div>            <\/div>\r\n                                                    <div class=\"rsaddon-slider-conf wpsisac-hide\" data-conf=\"{&quot;slidesToShow&quot;:&quot;3&quot;,&quot;autoplaySpeed&quot;:&quot;3000&quot;,&quot;interval&quot;:&quot;3000&quot;,&quot;slidesToScroll&quot;:&quot;1&quot;,&quot;slider_autoplay&quot;:&quot;false&quot;,&quot;pauseOnHover&quot;:&quot;false&quot;,&quot;sliderDots&quot;:&quot;false&quot;,&quot;sliderNav&quot;:&quot;true&quot;,&quot;infinite&quot;:&quot;false&quot;,&quot;centerMode&quot;:&quot;false&quot;,&quot;col_lg&quot;:&quot;3&quot;,&quot;col_md&quot;:&quot;2&quot;,&quot;col_sm&quot;:&quot;2&quot;,&quot;col_xs&quot;:&quot;1&quot;}\"><\/div>\r\n                    <\/div>\r\n                <script>\r\n            jQuery(document).ready(function($) {\r\n                $('.rs-addon-slider-7806').each(function(index) {\r\n                    var slider_id = jQuery(this).attr('id');\r\n                    var slider_conf = jQuery.parseJSON(jQuery(this).closest('.rsaddon-unique-slider').find('.rsaddon-slider-conf').attr('data-conf'));\r\n\r\n                    if (typeof(slider_id) != 'undefined' && slider_id != '') {\r\n                        jQuery('#' + slider_id).not('.slick-initialized').slick({\r\n                            slidesToShow: parseInt(slider_conf.col_lg),\r\n                            centerMode: (slider_conf.centerMode) == \"true\" ? true : false,\r\n                            dots: (slider_conf.sliderDots) == \"true\" ? true : false,\r\n                            arrows: (slider_conf.sliderNav) == \"true\" ? true : false,\r\n                            autoplay: (slider_conf.slider_autoplay) == \"true\" ? true : false,\r\n                            slidesToScroll: parseInt(slider_conf.slidesToScroll),\r\n                            centerPadding: '15px',\r\n                            rtl: false,\r\n                            autoplaySpeed: parseInt(slider_conf.autoplaySpeed),\r\n                                                        pauseOnHover: (slider_conf.pauseOnHover) == \"true\" ? true : false,\r\n                            loop: false,\r\n                                                       customPaging: function(slick,index2) {\r\n                                if(index < 10) {\r\n                                    return '<a class=\"slick-paiging\">' + '0' + (index2 + 1) + \"<span><\/span>\" + '<\/a>';\r\n                                } else {\r\n                                    return '<a class=\"slick-paiging\">' + (index2 + 1) + \"<span><\/span>\" + '<\/a>';\r\n                                }\r\n                            },\r\n                                                        responsive: [{\r\n                                    breakpoint: 1200,\r\n                                    settings: {\r\n                                        slidesToShow: parseInt(slider_conf.col_md),\r\n                                    }\r\n                                },\r\n                                {\r\n                                    breakpoint: 992,\r\n                                    settings: {\r\n                                        slidesToShow: parseInt(slider_conf.col_sm),\r\n                                    }\r\n                                },\r\n                                {\r\n                                    breakpoint: 768,\r\n                                    settings: {\r\n                                        arrows: false,\r\n                                        slidesToShow: parseInt(slider_conf.col_xs),\r\n                                    }\r\n                                },\r\n                            ]\r\n                        });\r\n                    }\r\n\r\n                });\r\n                                            });\r\n        <\/script>\r\n\t\t\t\t<\/div>\n\t\t\t\t<\/div>\n\t\t\t\t<\/div>\n\t\t\t\t\t<\/div>\n\t\t\t\t<\/div>\n\t\t\t\t<\/div>\n\t\t\t\t<\/div>\n\t\t\t\t\t<\/div>\n\t\t\t\t<\/div>\n\t\t<div class=\"no-position  elementor-element elementor-element-c7f9e98 e-flex e-con-boxed e-con e-parent\" data-id=\"c7f9e98\" data-element_type=\"container\">\n\t\t\t\t\t<div class=\"e-con-inner\">\n\t\t<div class=\"no-position  elementor-element elementor-element-e3b5a84 e-con-full e-flex e-con e-child\" data-id=\"e3b5a84\" data-element_type=\"container\">\n\t\t\t\t<div class=\"elementor-element elementor-element-b4bc445 gsap-move-no elementor-widget elementor-widget-rs-image\" data-id=\"b4bc445\" data-element_type=\"widget\" data-widget_type=\"rs-image.default\">\n\t\t\t\t<div class=\"elementor-widget-container\">\n\t\t\t\t\t\n        <div class=\"rs-image  ruler_image_ ruler_position_  \">\n                                                            <img decoding=\"async\" class=\"rs-multi-image  reverse- blend_unset\" src=\"https:\/\/sbp-senegal.com\/wp-content\/uploads\/2025\/04\/Nouveau-projet-17.webp\" alt=\"Nouveau projet-17\"\/>\n                                                                        <\/div>   \n          \n    \t\t\t\t<\/div>\n\t\t\t\t<\/div>\n\t\t\t\t<\/div>\n\t\t<div class=\"no-position  elementor-element elementor-element-526158e e-con-full e-flex e-con e-child\" data-id=\"526158e\" data-element_type=\"container\">\n\t\t\t\t<\/div>\n\t\t\t\t\t<\/div>\n\t\t\t\t<\/div>\n\t\t\t\t<\/div>\n\t\t","protected":false},"excerpt":{"rendered":"<p>Bienvenue dans NOTRE entreprise Nous Construisons Votre Maison de r\u00eave Chez SENE BATI PLUS, nous aidons les particuliers et les familles \u00e0 b\u00e2tir un avenir solide en leur offrant des services de construction de qualit\u00e9, alliant savoir-faire, durabilit\u00e9 et respect des normes. Que ce soit pour des logements, des b\u00e2timents commerciaux ou des infrastructures communautaires,&#8230;<\/p>\n","protected":false},"author":1,"featured_media":0,"parent":0,"menu_order":0,"comment_status":"closed","ping_status":"closed","template":"elementor_header_footer","meta":{"_monsterinsights_skip_tracking":false,"_monsterinsights_sitenote_active":false,"_monsterinsights_sitenote_note":"","_monsterinsights_sitenote_category":0,"footnotes":""},"class_list":["post-31","page","type-page","status-publish","hentry"],"aioseo_notices":[],"_links":{"self":[{"href":"https:\/\/sbp-senegal.com\/index.php?rest_route=\/wp\/v2\/pages\/31","targetHints":{"allow":["GET"]}}],"collection":[{"href":"https:\/\/sbp-senegal.com\/index.php?rest_route=\/wp\/v2\/pages"}],"about":[{"href":"https:\/\/sbp-senegal.com\/index.php?rest_route=\/wp\/v2\/types\/page"}],"author":[{"embeddable":true,"href":"https:\/\/sbp-senegal.com\/index.php?rest_route=\/wp\/v2\/users\/1"}],"replies":[{"embeddable":true,"href":"https:\/\/sbp-senegal.com\/index.php?rest_route=%2Fwp%2Fv2%2Fcomments&post=31"}],"version-history":[{"count":22,"href":"https:\/\/sbp-senegal.com\/index.php?rest_route=\/wp\/v2\/pages\/31\/revisions"}],"predecessor-version":[{"id":16487,"href":"https:\/\/sbp-senegal.com\/index.php?rest_route=\/wp\/v2\/pages\/31\/revisions\/16487"}],"wp:attachment":[{"href":"https:\/\/sbp-senegal.com\/index.php?rest_route=%2Fwp%2Fv2%2Fmedia&parent=31"}],"curies":[{"name":"wp","href":"https:\/\/api.w.org\/{rel}","templated":true}]}}