{"id":16307,"date":"2025-04-06T19:11:13","date_gmt":"2025-04-06T19:11:13","guid":{"rendered":"https:\/\/sbp-senegal.com\/?page_id=16307"},"modified":"2025-04-06T22:39:18","modified_gmt":"2025-04-06T22:39:18","slug":"revolution-verte","status":"publish","type":"page","link":"https:\/\/sbp-senegal.com\/?page_id=16307","title":{"rendered":"R\u00e9volution verte"},"content":{"rendered":"\t\t<div data-elementor-type=\"wp-page\" data-elementor-id=\"16307\" class=\"elementor elementor-16307\" data-elementor-post-type=\"page\">\n\t\t\t\t<div class=\"no-position  elementor-element elementor-element-3b1f8d67 e-flex e-con-boxed e-con e-parent\" data-id=\"3b1f8d67\" data-element_type=\"container\">\n\t\t\t\t\t<div class=\"e-con-inner\">\n\t\t\t\t<div class=\"elementor-element elementor-element-5f7590c2 gsap-move-no elementor-widget elementor-widget-text-editor\" data-id=\"5f7590c2\" data-element_type=\"widget\" data-widget_type=\"text-editor.default\">\n\t\t\t\t<div class=\"elementor-widget-container\">\n\t\t\t\t\t\t\t\t\t<h3 class=\"\" data-start=\"129\" data-end=\"201\"><strong data-start=\"133\" data-end=\"201\">Un avenir durable gr\u00e2ce \u00e0 la fertilisation biologique au S\u00e9n\u00e9gal<\/strong><\/h3>\n<p class=\"\" data-start=\"203\" data-end=\"461\">Face aux d\u00e9fis environnementaux et aux besoins croissants en production agricole, <strong data-start=\"285\" data-end=\"303\">SENE BATI PLUS<\/strong> s&rsquo;engage pour un avenir durable \u00e0 travers la <strong data-start=\"349\" data-end=\"384\">commercialisation d\u2019engrais bio<\/strong> et la <strong data-start=\"391\" data-end=\"460\">promotion de pratiques agricoles respectueuses de l\u2019environnement<\/strong>.<\/p>\n<p class=\"\" data-start=\"463\" data-end=\"825\">Install\u00e9e au c\u0153ur du <strong data-start=\"484\" data-end=\"495\">S\u00e9n\u00e9gal<\/strong>, notre entreprise \u0153uvre quotidiennement aux c\u00f4t\u00e9s des agriculteurs pour leur proposer des solutions innovantes, naturelles et efficaces. Nous croyons fermement que la fertilisation biologique est l\u2019un des leviers majeurs pour renforcer la s\u00e9curit\u00e9 alimentaire tout en pr\u00e9servant la fertilit\u00e9 des sols et la sant\u00e9 des populations.<\/p>\n<p class=\"\" data-start=\"827\" data-end=\"1226\">Nos engrais biologiques, issus de mati\u00e8res premi\u00e8res naturelles soigneusement s\u00e9lectionn\u00e9es, permettent une am\u00e9lioration significative des rendements agricoles, tout en r\u00e9duisant l\u2019impact \u00e9cologique. En favorisant l\u2019usage de produits non chimiques, nous contribuons \u00e0 restaurer la richesse des terres cultivables, \u00e0 prot\u00e9ger la biodiversit\u00e9 locale et \u00e0 assurer une alimentation plus saine pour tous.<\/p>\n<p class=\"\" data-start=\"1228\" data-end=\"1562\"><strong data-start=\"1228\" data-end=\"1246\">SENE BATI PLUS<\/strong>, c\u2019est aussi une vision : celle d\u2019une <strong data-start=\"1285\" data-end=\"1344\">agriculture s\u00e9n\u00e9galaise moderne, responsable et durable<\/strong>, capable de r\u00e9pondre aux enjeux de demain. Nous accompagnons nos partenaires \u00e0 travers des conseils personnalis\u00e9s, des formations sur les bonnes pratiques agricoles et une assistance technique continue sur le terrain.<\/p>\n<p class=\"\" data-start=\"1564\" data-end=\"1671\">Ensemble, semons les graines d\u2019un futur plus vert, plus sain et plus prosp\u00e8re pour les g\u00e9n\u00e9rations \u00e0 venir.<\/p>\t\t\t\t\t\t\t\t<\/div>\n\t\t\t\t<\/div>\n\t\t\t\t\t<\/div>\n\t\t\t\t<\/div>\n\t\t<div class=\"no-position  elementor-element elementor-element-e680607 e-flex e-con-boxed e-con e-parent\" data-id=\"e680607\" data-element_type=\"container\">\n\t\t\t\t\t<div class=\"e-con-inner\">\n\t\t\t\t\t<\/div>\n\t\t\t\t<\/div>\n\t\t<div class=\"no-position  rs-sticky-default elementor-element elementor-element-e1792a1 e-con-full e-flex e-con e-child\" data-id=\"e1792a1\" data-element_type=\"container\">\n\t\t<div class=\"no-position  rs-sticky-default elementor-element elementor-element-1bd1703 e-con-full e-flex e-con e-child\" data-id=\"1bd1703\" data-element_type=\"container\">\n\t\t<div class=\"no-position  rs-sticky-default elementor-element elementor-element-c543b07 e-con-full e-flex e-con e-child\" data-id=\"c543b07\" data-element_type=\"container\">\n\t\t\t\t<div class=\"elementor-element elementor-element-e01afa7 gsap-move-no elementor-widget elementor-widget-rs-image\" data-id=\"e01afa7\" data-element_type=\"widget\" data-widget_type=\"rs-image.default\">\n\t\t\t\t<div class=\"elementor-widget-container\">\n\t\t\t\t\t\n        <div class=\"rs-image no ruler_image_no ruler_position_ scroll_reveal reveal_left\">\n                                                            <img decoding=\"async\" class=\"rs-multi-image  reverse- blend_unset\" src=\"https:\/\/sbp-senegal.com\/wp-content\/uploads\/2025\/04\/WhatsApp-Image-2025-04-06-at-14.55.23.jpeg\" alt=\"WhatsApp Image 2025-04-06 at 14.55.23\"\/>\n                                                                        <\/div>   \n          \n    \t\t\t\t<\/div>\n\t\t\t\t<\/div>\n\t\t\t\t<\/div>\n\t\t<div class=\"no-position  rs-sticky-default elementor-element elementor-element-26bea00 e-con-full e-flex e-con e-child\" data-id=\"26bea00\" data-element_type=\"container\">\n\t\t\t\t<div class=\"elementor-element elementor-element-83a79bf gsap-move-no elementor-widget elementor-widget-image\" data-id=\"83a79bf\" data-element_type=\"widget\" data-widget_type=\"image.default\">\n\t\t\t\t<div class=\"elementor-widget-container\">\n\t\t\t\t\t\t\t\t\t\t\t\t\t\t\t<img fetchpriority=\"high\" decoding=\"async\" width=\"640\" height=\"961\" src=\"https:\/\/sbp-senegal.com\/wp-content\/uploads\/2025\/04\/WhatsApp-Image-2025-04-06-at-14.55.23-1-1-682x1024.jpeg\" class=\"attachment-large size-large wp-image-16372\" alt=\"\" srcset=\"https:\/\/sbp-senegal.com\/wp-content\/uploads\/2025\/04\/WhatsApp-Image-2025-04-06-at-14.55.23-1-1-682x1024.jpeg 682w, https:\/\/sbp-senegal.com\/wp-content\/uploads\/2025\/04\/WhatsApp-Image-2025-04-06-at-14.55.23-1-1-200x300.jpeg 200w, https:\/\/sbp-senegal.com\/wp-content\/uploads\/2025\/04\/WhatsApp-Image-2025-04-06-at-14.55.23-1-1-768x1152.jpeg 768w, https:\/\/sbp-senegal.com\/wp-content\/uploads\/2025\/04\/WhatsApp-Image-2025-04-06-at-14.55.23-1-1.jpeg 853w\" sizes=\"(max-width: 640px) 100vw, 640px\" \/>\t\t\t\t\t\t\t\t\t\t\t\t\t\t\t<\/div>\n\t\t\t\t<\/div>\n\t\t\t\t<\/div>\n\t\t\t\t<\/div>\n\t\t\t\t<\/div>\n\t\t<div class=\"no-position  elementor-element elementor-element-cc2f2e5 e-con-full e-flex e-con e-parent\" data-id=\"cc2f2e5\" data-element_type=\"container\">\n\t\t\t\t<\/div>\n\t\t<div class=\"no-position  elementor-element elementor-element-0070916 e-flex e-con-boxed e-con e-parent\" data-id=\"0070916\" data-element_type=\"container\">\n\t\t\t\t\t<div class=\"e-con-inner\">\n\t\t<div class=\"no-position  elementor-element elementor-element-51f9f9e e-con-full e-flex e-con e-child\" data-id=\"51f9f9e\" data-element_type=\"container\">\n\t\t\t\t<div class=\"elementor-element elementor-element-3659c56 gsap-move-no elementor-widget elementor-widget-image\" data-id=\"3659c56\" data-element_type=\"widget\" data-widget_type=\"image.default\">\n\t\t\t\t<div class=\"elementor-widget-container\">\n\t\t\t\t\t\t\t\t\t\t\t\t\t\t\t<img decoding=\"async\" width=\"640\" height=\"427\" src=\"https:\/\/sbp-senegal.com\/wp-content\/uploads\/2025\/04\/WhatsApp-Image-2025-04-06-at-14.55.59-2-1024x683.jpeg\" class=\"attachment-large size-large wp-image-16375\" alt=\"\" srcset=\"https:\/\/sbp-senegal.com\/wp-content\/uploads\/2025\/04\/WhatsApp-Image-2025-04-06-at-14.55.59-2-1024x683.jpeg 1024w, https:\/\/sbp-senegal.com\/wp-content\/uploads\/2025\/04\/WhatsApp-Image-2025-04-06-at-14.55.59-2-300x200.jpeg 300w, https:\/\/sbp-senegal.com\/wp-content\/uploads\/2025\/04\/WhatsApp-Image-2025-04-06-at-14.55.59-2-768x512.jpeg 768w, https:\/\/sbp-senegal.com\/wp-content\/uploads\/2025\/04\/WhatsApp-Image-2025-04-06-at-14.55.59-2.jpeg 1080w\" sizes=\"(max-width: 640px) 100vw, 640px\" \/>\t\t\t\t\t\t\t\t\t\t\t\t\t\t\t<\/div>\n\t\t\t\t<\/div>\n\t\t\t\t<\/div>\n\t\t<div class=\"no-position  elementor-element elementor-element-b835c9d e-con-full e-flex e-con e-child\" data-id=\"b835c9d\" data-element_type=\"container\">\n\t\t<div class=\"no-position  elementor-element elementor-element-520e6d7 e-con-full e-flex e-con e-child\" data-id=\"520e6d7\" data-element_type=\"container\">\n\t\t\t\t<div class=\"elementor-element elementor-element-8a83e1d gsap-move-no elementor-widget elementor-widget-image\" data-id=\"8a83e1d\" data-element_type=\"widget\" data-widget_type=\"image.default\">\n\t\t\t\t<div class=\"elementor-widget-container\">\n\t\t\t\t\t\t\t\t\t\t\t\t\t\t\t<img decoding=\"async\" width=\"640\" height=\"427\" src=\"https:\/\/sbp-senegal.com\/wp-content\/uploads\/2025\/04\/WhatsApp-Image-2025-04-06-at-14.55.59-1-1024x683.jpeg\" class=\"attachment-large size-large wp-image-16374\" alt=\"\" srcset=\"https:\/\/sbp-senegal.com\/wp-content\/uploads\/2025\/04\/WhatsApp-Image-2025-04-06-at-14.55.59-1-1024x683.jpeg 1024w, https:\/\/sbp-senegal.com\/wp-content\/uploads\/2025\/04\/WhatsApp-Image-2025-04-06-at-14.55.59-1-300x200.jpeg 300w, https:\/\/sbp-senegal.com\/wp-content\/uploads\/2025\/04\/WhatsApp-Image-2025-04-06-at-14.55.59-1-768x512.jpeg 768w, https:\/\/sbp-senegal.com\/wp-content\/uploads\/2025\/04\/WhatsApp-Image-2025-04-06-at-14.55.59-1.jpeg 1080w\" sizes=\"(max-width: 640px) 100vw, 640px\" \/>\t\t\t\t\t\t\t\t\t\t\t\t\t\t\t<\/div>\n\t\t\t\t<\/div>\n\t\t\t\t<\/div>\n\t\t<div class=\"no-position  elementor-element elementor-element-5fe5976 e-con-full e-flex e-con e-child\" data-id=\"5fe5976\" data-element_type=\"container\">\n\t\t\t\t<\/div>\n\t\t\t\t<\/div>\n\t\t\t\t\t<\/div>\n\t\t\t\t<\/div>\n\t\t\t\t<\/div>\n\t\t","protected":false},"excerpt":{"rendered":"<p>Un avenir durable gr\u00e2ce \u00e0 la fertilisation biologique au S\u00e9n\u00e9gal Face aux d\u00e9fis environnementaux et aux besoins croissants en production agricole, SENE BATI PLUS s&rsquo;engage pour un avenir durable \u00e0 travers la commercialisation d\u2019engrais bio et la promotion de pratiques agricoles respectueuses de l\u2019environnement. Install\u00e9e au c\u0153ur du S\u00e9n\u00e9gal, notre entreprise \u0153uvre quotidiennement aux c\u00f4t\u00e9s&#8230;<\/p>\n","protected":false},"author":1,"featured_media":0,"parent":0,"menu_order":0,"comment_status":"closed","ping_status":"closed","template":"","meta":{"_monsterinsights_skip_tracking":false,"_monsterinsights_sitenote_active":false,"_monsterinsights_sitenote_note":"","_monsterinsights_sitenote_category":0,"footnotes":""},"class_list":["post-16307","page","type-page","status-publish","hentry"],"aioseo_notices":[],"_links":{"self":[{"href":"https:\/\/sbp-senegal.com\/index.php?rest_route=\/wp\/v2\/pages\/16307","targetHints":{"allow":["GET"]}}],"collection":[{"href":"https:\/\/sbp-senegal.com\/index.php?rest_route=\/wp\/v2\/pages"}],"about":[{"href":"https:\/\/sbp-senegal.com\/index.php?rest_route=\/wp\/v2\/types\/page"}],"author":[{"embeddable":true,"href":"https:\/\/sbp-senegal.com\/index.php?rest_route=\/wp\/v2\/users\/1"}],"replies":[{"embeddable":true,"href":"https:\/\/sbp-senegal.com\/index.php?rest_route=%2Fwp%2Fv2%2Fcomments&post=16307"}],"version-history":[{"count":8,"href":"https:\/\/sbp-senegal.com\/index.php?rest_route=\/wp\/v2\/pages\/16307\/revisions"}],"predecessor-version":[{"id":16401,"href":"https:\/\/sbp-senegal.com\/index.php?rest_route=\/wp\/v2\/pages\/16307\/revisions\/16401"}],"wp:attachment":[{"href":"https:\/\/sbp-senegal.com\/index.php?rest_route=%2Fwp%2Fv2%2Fmedia&parent=16307"}],"curies":[{"name":"wp","href":"https:\/\/api.w.org\/{rel}","templated":true}]}}