{"id":15384,"date":"2025-01-19T08:13:03","date_gmt":"2025-01-19T08:13:03","guid":{"rendered":"https:\/\/demo.rstheme.com\/wordpress\/abuild\/?page_id=15384"},"modified":"2025-04-04T22:11:56","modified_gmt":"2025-04-04T20:11:56","slug":"blog-left","status":"publish","type":"page","link":"https:\/\/sbp-senegal.com\/?page_id=15384","title":{"rendered":"Blog Left"},"content":{"rendered":"\t\t<div data-elementor-type=\"wp-page\" data-elementor-id=\"15384\" class=\"elementor elementor-15384\" data-elementor-post-type=\"page\">\n\t\t\t\t<div class=\"no-position  elementor-element elementor-element-a998255 e-flex e-con-boxed e-con e-parent\" data-id=\"a998255\" data-element_type=\"container\" data-settings=\"{&quot;background_background&quot;:&quot;classic&quot;}\">\n\t\t\t\t\t<div class=\"e-con-inner\">\n\t\t\t\t<div class=\"elementor-element elementor-element-05d6663 gsap-move-no elementor-widget elementor-widget-page-title\" data-id=\"05d6663\" data-element_type=\"widget\" data-settings=\"{&quot;align&quot;:&quot;center&quot;}\" data-widget_type=\"page-title.default\">\n\t\t\t\t<div class=\"elementor-widget-container\">\n\t\t\t\t\t\t\t\n\t\t<div class=\"hfe-page-title hfe-page-title-wrapper elementor-widget-heading\">\n\t\t\t\n\t\t\t<h1 class=\"elementor-heading-title elementor-size\">\n\t\t\t\tAGRICULTURE : Atelier d\u2019\u00e9change sur les engrais naturels et les pratiques de fertilisation biologique au S\u00e9n\u00e9gal\t\t\t<\/h1 > \n\n\t\t\t\t\t\t\t\t<\/div>\n\t\t\t\t\t\t<\/div>\n\t\t\t\t<\/div>\n\t\t\t\t<div class=\"elementor-element elementor-element-476f7fd gsap-move-no elementor-widget elementor-widget-rs-breadcrumb\" data-id=\"476f7fd\" data-element_type=\"widget\" data-widget_type=\"rs-breadcrumb.default\">\n\t\t\t\t<div class=\"elementor-widget-container\">\n\t\t\t\t\t                    <div class=\"breadcrumb-area style2\"> \n                <div class=\"breadcrumbs-inner\"> \n                    <!-- Breadcrumb NavXT 7.4.1 -->\n<span property=\"itemListElement\" typeof=\"ListItem\"><a property=\"item\" typeof=\"WebPage\" title=\"Aller \u00e0 sbp-senegal.com.\" href=\"https:\/\/sbp-senegal.com\" class=\"home\" ><span property=\"name\">sbp-senegal.com<\/span><\/a><meta property=\"position\" content=\"1\"><\/span> &gt; <span property=\"itemListElement\" typeof=\"ListItem\"><a property=\"item\" typeof=\"WebPage\" title=\"Aller \u00e0 Blog.\" href=\"https:\/\/sbp-senegal.com\/?page_id=15826\" class=\"post-root post post-post\" aria-current=\"page\"><span property=\"name\">Blog<\/span><\/a><meta property=\"position\" content=\"2\"><\/span>                <\/div>\n            <\/div> \n          \n    \t\t\t\t<\/div>\n\t\t\t\t<\/div>\n\t\t\t\t\t<\/div>\n\t\t\t\t<\/div>\n\t\t<div class=\"no-position  elementor-element elementor-element-ab36cb4 e-flex e-con-boxed e-con e-parent\" data-id=\"ab36cb4\" data-element_type=\"container\">\n\t\t\t\t\t<div class=\"e-con-inner\">\n\t\t<div class=\"no-position  elementor-element elementor-element-1fa63fa e-con-full e-flex e-con e-child\" data-id=\"1fa63fa\" data-element_type=\"container\">\n\t\t<div class=\"no-position  contents-sticky elementor-element elementor-element-83bbcfc e-con-full e-flex e-con e-child\" data-id=\"83bbcfc\" data-element_type=\"container\">\n\t\t\t\t<div class=\"elementor-element elementor-element-0008884 elementor-widget__width-initial elementor-widget-tablet__width-inherit bs-sidebar gsap-move-no elementor-widget elementor-widget-sidebar\" data-id=\"0008884\" data-element_type=\"widget\" data-widget_type=\"sidebar.default\">\n\t\t\t\t<div class=\"elementor-widget-container\">\n\t\t\t\t\t<section id=\"block-2\" class=\"widget widget_block widget_search\"><form role=\"search\" method=\"get\" action=\"https:\/\/sbp-senegal.com\/\" class=\"wp-block-search__button-outside wp-block-search__text-button wp-block-search\"    ><label class=\"wp-block-search__label\" for=\"wp-block-search__input-1\" >Rechercher<\/label><div class=\"wp-block-search__inside-wrapper \" ><input class=\"wp-block-search__input\" id=\"wp-block-search__input-1\" placeholder=\"\" value=\"\" type=\"search\" name=\"s\" required \/><button aria-label=\"Rechercher\" class=\"wp-block-search__button wp-element-button\" type=\"submit\" >Rechercher<\/button><\/div><\/form><\/section><section id=\"block-3\" class=\"widget widget_block\"><div class=\"wp-block-group\"><div class=\"wp-block-group__inner-container is-layout-flow wp-block-group-is-layout-flow\"><h2 class=\"wp-block-heading\">Articles r\u00e9cents<\/h2><ul class=\"wp-block-latest-posts__list wp-block-latest-posts\"><li><a class=\"wp-block-latest-posts__post-title\" href=\"https:\/\/sbp-senegal.com\/?p=16275\">AGRICULTURE : Atelier d\u2019\u00e9change sur les engrais naturels et les pratiques de fertilisation biologique au S\u00e9n\u00e9gal<\/a><\/li>\n<li><a class=\"wp-block-latest-posts__post-title\" href=\"https:\/\/sbp-senegal.com\/?p=1\">Bonjour tout le monde\u00a0!<\/a><\/li>\n<li><a class=\"wp-block-latest-posts__post-title\" href=\"https:\/\/sbp-senegal.com\/?p=13903\">AGRICULTURE : Atelier d\u2019\u00e9change sur les engrais naturels et les pratiques de fertilisation biologique au S\u00e9n\u00e9gal<\/a><\/li>\n<\/ul><\/div><\/div><\/section><section id=\"block-4\" class=\"widget widget_block\"><div class=\"wp-block-group\"><div class=\"wp-block-group__inner-container is-layout-flow wp-block-group-is-layout-flow\"><h2 class=\"wp-block-heading\">Commentaires r\u00e9cents<\/h2><ol class=\"wp-block-latest-comments\"><li class=\"wp-block-latest-comments__comment\"><article><footer class=\"wp-block-latest-comments__comment-meta\"><a class=\"wp-block-latest-comments__comment-author\" href=\"https:\/\/fr.wordpress.org\/\">Un commentateur ou commentatrice WordPress<\/a> sur <a class=\"wp-block-latest-comments__comment-link\" href=\"https:\/\/sbp-senegal.com\/?p=1#comment-1\">Bonjour tout le monde\u00a0!<\/a><\/footer><\/article><\/li><\/ol><\/div><\/div><\/section><section id=\"block-5\" class=\"widget widget_block\"><div class=\"wp-block-group\"><div class=\"wp-block-group__inner-container is-layout-flow wp-block-group-is-layout-flow\"><h2 class=\"wp-block-heading\">Archives<\/h2><ul class=\"wp-block-archives-list wp-block-archives\">\t<li><a href='https:\/\/sbp-senegal.com\/?m=202504'>avril 2025<\/a><\/li>\n\t<li><a href='https:\/\/sbp-senegal.com\/?m=202501'>janvier 2025<\/a><\/li>\n<\/ul><\/div><\/div><\/section><section id=\"block-6\" class=\"widget widget_block\"><div class=\"wp-block-group\"><div class=\"wp-block-group__inner-container is-layout-flow wp-block-group-is-layout-flow\"><h2 class=\"wp-block-heading\">Cat\u00e9gories<\/h2><ul class=\"wp-block-categories-list wp-block-categories\">\t<li class=\"cat-item cat-item-25\"><a href=\"https:\/\/sbp-senegal.com\/?cat=25\">Agriculture<\/a>\n<\/li>\n\t<li class=\"cat-item cat-item-20\"><a href=\"https:\/\/sbp-senegal.com\/?cat=20\">Engineering<\/a>\n<\/li>\n\t<li class=\"cat-item cat-item-1\"><a href=\"https:\/\/sbp-senegal.com\/?cat=1\">Non class\u00e9<\/a>\n<\/li>\n<\/ul><\/div><\/div><\/section><section id=\"search-1\" class=\"widget widget_search\"><form role=\"search\" class=\"bs-search search-form\" method=\"get\" action=\"https:\/\/sbp-senegal.com\/\">\n    <div class=\"search-wrap\">\n    \t<label class=\"screen-reader-text\">\n    \t\tSearch for:    \t<\/label>\n        <input type=\"search\" placeholder=\"Searching...\" name=\"s\" class=\"search-input\" value=\"\" \/>\n        <button type=\"submit\"  value=\"Search\"><i class=\"ri-search-line\"><\/i><\/button>\n    <\/div>\n<\/form><\/section><section id=\"categories-1\" class=\"widget widget_categories\"><h2 class=\"widget-title\">Populer Categories<\/h2>\n\t\t\t<ul>\n\t\t\t\t\t<li class=\"cat-item cat-item-25\"><a href=\"https:\/\/sbp-senegal.com\/?cat=25\">Agriculture<\/a>\n<\/li>\n\t<li class=\"cat-item cat-item-20\"><a href=\"https:\/\/sbp-senegal.com\/?cat=20\">Engineering<\/a>\n<\/li>\n\t<li class=\"cat-item cat-item-1\"><a href=\"https:\/\/sbp-senegal.com\/?cat=1\">Non class\u00e9<\/a>\n<\/li>\n\t\t\t<\/ul>\n\n\t\t\t<\/section>\n        <div class=\"recent-widget widget\"> \n    \t\t      \n            <h2 class=\"widget-title\">Populer Posts<\/h2>        \n            <div class=\"recent-post-widget clearfix\">\n                                            <div class=\"show-featured clearfix\">\n                    <div class=\"post-img\"> \n                        <a href=\"https:\/\/sbp-senegal.com\/?p=16275\">\n                            <img fetchpriority=\"high\" decoding=\"async\" width=\"1295\" height=\"701\" src=\"https:\/\/sbp-senegal.com\/wp-content\/uploads\/2025\/01\/rencontre.webp\" class=\"attachment-conbuild_portfolio-grid2 size-conbuild_portfolio-grid2 wp-post-image\" alt=\"\" srcset=\"https:\/\/sbp-senegal.com\/wp-content\/uploads\/2025\/01\/rencontre.webp 1295w, https:\/\/sbp-senegal.com\/wp-content\/uploads\/2025\/01\/rencontre-300x162.webp 300w, https:\/\/sbp-senegal.com\/wp-content\/uploads\/2025\/01\/rencontre-1024x554.webp 1024w, https:\/\/sbp-senegal.com\/wp-content\/uploads\/2025\/01\/rencontre-768x416.webp 768w\" sizes=\"(max-width: 1295px) 100vw, 1295px\" \/>                        <\/a> \n                    <\/div>\n                    <div class=\"post-item\">\n                        <div class=\"post-desc\">                                                        \n                            <a href=\"https:\/\/sbp-senegal.com\/?p=16275\">\n                                AGRICULTURE : Atelier d\u2019\u00e9change sur les engrais naturels..                            <\/a>\n                                                                                        <span class=\"date-post\">                                    \n                                    By <em>salioufereya19@gmail.com<\/em> 5 avril 2025                                <\/span>\n                             \n                        <\/div>\n                    <\/div>\n              <\/div>\n                                                          <div class=\"show-featured clearfix\">\n                    <div class=\"post-img\"> \n                        <a href=\"https:\/\/sbp-senegal.com\/?p=1\">\n                                                    <\/a> \n                    <\/div>\n                    <div class=\"post-item\">\n                        <div class=\"post-desc\">                                                        \n                            <a href=\"https:\/\/sbp-senegal.com\/?p=1\">\n                                Bonjour tout le monde\u00a0!                            <\/a>\n                                                                                        <span class=\"date-post\">                                    \n                                    By <em>salioufereya19@gmail.com<\/em> 4 avril 2025                                <\/span>\n                             \n                        <\/div>\n                    <\/div>\n              <\/div>\n                                                          <div class=\"show-featured clearfix\">\n                    <div class=\"post-img\"> \n                        <a href=\"https:\/\/sbp-senegal.com\/?p=13903\">\n                            <img fetchpriority=\"high\" decoding=\"async\" width=\"1295\" height=\"701\" src=\"https:\/\/sbp-senegal.com\/wp-content\/uploads\/2025\/01\/rencontre.webp\" class=\"attachment-conbuild_portfolio-grid2 size-conbuild_portfolio-grid2 wp-post-image\" alt=\"\" srcset=\"https:\/\/sbp-senegal.com\/wp-content\/uploads\/2025\/01\/rencontre.webp 1295w, https:\/\/sbp-senegal.com\/wp-content\/uploads\/2025\/01\/rencontre-300x162.webp 300w, https:\/\/sbp-senegal.com\/wp-content\/uploads\/2025\/01\/rencontre-1024x554.webp 1024w, https:\/\/sbp-senegal.com\/wp-content\/uploads\/2025\/01\/rencontre-768x416.webp 768w\" sizes=\"(max-width: 1295px) 100vw, 1295px\" \/>                        <\/a> \n                    <\/div>\n                    <div class=\"post-item\">\n                        <div class=\"post-desc\">                                                        \n                            <a href=\"https:\/\/sbp-senegal.com\/?p=13903\">\n                                AGRICULTURE : Atelier d\u2019\u00e9change sur les engrais naturels..                            <\/a>\n                                                                                        <span class=\"date-post\">                                    \n                                    By <em>salioufereya19@gmail.com<\/em> 9 janvier 2025                                <\/span>\n                             \n                        <\/div>\n                    <\/div>\n              <\/div>\n                                        <\/div>\n        <\/div>\n                \t\t\t\t<\/div>\n\t\t\t\t<\/div>\n\t\t\t\t<\/div>\n\t\t<div class=\"no-position  elementor-element elementor-element-feb09c1 e-con-full e-flex e-con e-child\" data-id=\"feb09c1\" data-element_type=\"container\">\n\t\t\t\t<div class=\"elementor-element elementor-element-df104e7 elementor-widget__width-inherit gsap-move-no elementor-widget elementor-widget-prelements-blog-gird\" data-id=\"df104e7\" data-element_type=\"widget\" data-widget_type=\"prelements-blog-gird.default\">\n\t\t\t\t<div class=\"elementor-widget-container\">\n\t\t\t\t\t\r\n            <div class=\"prelements-blog-grid\">\r\n            <!-- Default Old Style -->           \r\n            <div class=\"row blog_style_defaultlayout\">\r\n                \r\n<div class=\"pre-blog-item col-lg-6 col-md-6 col-sm-6 col-12\">\r\n    <div class=\"blog-inner-wrap\">\r\n        <div class=\"pre-image-wrap\">\r\n                            <a href=\"https:\/\/sbp-senegal.com\/?p=16275\" class=\"rs--thum\">\r\n                    <img decoding=\"async\" width=\"1295\" height=\"701\" src=\"https:\/\/sbp-senegal.com\/wp-content\/uploads\/2025\/01\/rencontre.webp\" class=\"attachment-conbuild_portfolio-slider-four size-conbuild_portfolio-slider-four\" alt=\"rencontre\" srcset=\"https:\/\/sbp-senegal.com\/wp-content\/uploads\/2025\/01\/rencontre.webp 1295w, https:\/\/sbp-senegal.com\/wp-content\/uploads\/2025\/01\/rencontre-300x162.webp 300w, https:\/\/sbp-senegal.com\/wp-content\/uploads\/2025\/01\/rencontre-1024x554.webp 1024w, https:\/\/sbp-senegal.com\/wp-content\/uploads\/2025\/01\/rencontre-768x416.webp 768w\" sizes=\"(max-width: 1295px) 100vw, 1295px\" \/>                <\/a>\r\n                    <\/div>  \r\n\r\n        <div class=\"pre-blog-content\">   \r\n                                <ul class=\"pre-blog-meta\">\r\n                                                        \r\n                            <li> By <span>salioufereya19@gmail.com<\/span><\/li>                        \r\n                        \r\n                                                 \r\n                            <li> Avr 5, 2025 <\/li>\r\n                         \r\n                    <\/ul>                  \r\n                \r\n                            <h3 class=\"pre-post-title\"><a class=\"pre-pointer-events\" href=\"https:\/\/sbp-senegal.com\/?p=16275\">\r\n                    AGRICULTURE : Atelier d\u2019\u00e9change sur les engrais naturels et les pratiques de fertilisation biologique au S\u00e9n\u00e9gal<\/a>\r\n                <\/h3>\r\n                       \r\n\r\n            \r\n            \r\n                            <div class=\"blog-btn-part\">\r\n                    <a href=\"https:\/\/sbp-senegal.com\/?p=16275\">\r\n                                                    <span class=\"btn-txt\">Read More<\/span>\r\n                        <svg xmlns=\"http:\/\/www.w3.org\/2000\/svg\" width=\"22\" height=\"8\" viewBox=\"0 0 22 8\" fill=\"none\"><path d=\"M1 3.5C0.723858 3.5 0.5 3.72386 0.5 4C0.5 4.27614 0.723858 4.5 1 4.5V3.5ZM21.3536 4.35355C21.5488 4.15829 21.5488 3.84171 21.3536 3.64645L18.1716 0.464466C17.9763 0.269204 17.6597 0.269204 17.4645 0.464466C17.2692 0.659728 17.2692 0.976311 17.4645 1.17157L20.2929 4L17.4645 6.82843C17.2692 7.02369 17.2692 7.34027 17.4645 7.53553C17.6597 7.7308 17.9763 7.7308 18.1716 7.53553L21.3536 4.35355ZM1 4.5H21V3.5H1V4.5Z\" fill=\"white\"><\/path><\/svg>                    <\/a>\r\n                <\/div> \r\n                    <\/div>\r\n    <\/div>\r\n<\/div>\r\n\r\n    <div class=\"pagination-area\">\r\n        <div class=\"nav-links\">\r\n                    <\/div>\r\n    <\/div>\r\n                 \r\n            <\/div>           \r\n            <!-- End Default Old Style -->\r\n            <\/div> \r\n        \t\t\t\t<\/div>\n\t\t\t\t<\/div>\n\t\t\t\t<\/div>\n\t\t\t\t<\/div>\n\t\t\t\t\t<\/div>\n\t\t\t\t<\/div>\n\t\t\t\t<\/div>\n\t\t","protected":false},"excerpt":{"rendered":"<p>AGRICULTURE : Atelier d\u2019\u00e9change sur les engrais naturels et les pratiques de fertilisation biologique au S\u00e9n\u00e9gal sbp-senegal.com &gt; Blog By salioufereya19@gmail.com Oct 22, 2024 AGRICULTURE : Atelier d\u2019\u00e9change sur les engrais naturels et les pratiques de fertilisation biologique au S\u00e9n\u00e9gal Read More<\/p>\n","protected":false},"author":1,"featured_media":0,"parent":0,"menu_order":0,"comment_status":"closed","ping_status":"closed","template":"elementor_header_footer","meta":{"_monsterinsights_skip_tracking":false,"_monsterinsights_sitenote_active":false,"_monsterinsights_sitenote_note":"","_monsterinsights_sitenote_category":0,"footnotes":""},"class_list":["post-15384","page","type-page","status-publish","hentry"],"aioseo_notices":[],"_links":{"self":[{"href":"https:\/\/sbp-senegal.com\/index.php?rest_route=\/wp\/v2\/pages\/15384","targetHints":{"allow":["GET"]}}],"collection":[{"href":"https:\/\/sbp-senegal.com\/index.php?rest_route=\/wp\/v2\/pages"}],"about":[{"href":"https:\/\/sbp-senegal.com\/index.php?rest_route=\/wp\/v2\/types\/page"}],"author":[{"embeddable":true,"href":"https:\/\/sbp-senegal.com\/index.php?rest_route=\/wp\/v2\/users\/1"}],"replies":[{"embeddable":true,"href":"https:\/\/sbp-senegal.com\/index.php?rest_route=%2Fwp%2Fv2%2Fcomments&post=15384"}],"version-history":[{"count":3,"href":"https:\/\/sbp-senegal.com\/index.php?rest_route=\/wp\/v2\/pages\/15384\/revisions"}],"predecessor-version":[{"id":16113,"href":"https:\/\/sbp-senegal.com\/index.php?rest_route=\/wp\/v2\/pages\/15384\/revisions\/16113"}],"wp:attachment":[{"href":"https:\/\/sbp-senegal.com\/index.php?rest_route=%2Fwp%2Fv2%2Fmedia&parent=15384"}],"curies":[{"name":"wp","href":"https:\/\/api.w.org\/{rel}","templated":true}]}}