{"id":10924,"date":"2024-12-31T09:40:51","date_gmt":"2024-12-31T09:40:51","guid":{"rendered":"https:\/\/demo.rstheme.com\/wordpress\/abuild\/?page_id=10924"},"modified":"2025-04-06T21:29:51","modified_gmt":"2025-04-06T21:29:51","slug":"industry","status":"publish","type":"page","link":"https:\/\/sbp-senegal.com\/?page_id=10924","title":{"rendered":"Industry"},"content":{"rendered":"\t\t<div data-elementor-type=\"wp-page\" data-elementor-id=\"10924\" class=\"elementor elementor-10924\" data-elementor-post-type=\"page\">\n\t\t\t\t<div class=\"no-position  elementor-element elementor-element-ec0af9f e-flex e-con-boxed e-con e-parent\" data-id=\"ec0af9f\" data-element_type=\"container\">\n\t\t\t\t\t<div class=\"e-con-inner\">\n\t\t\t\t\t<\/div>\n\t\t\t\t<\/div>\n\t\t<div class=\"no-position  elementor-element elementor-element-8828176 e-flex e-con-boxed e-con e-parent\" data-id=\"8828176\" data-element_type=\"container\">\n\t\t\t\t\t<div class=\"e-con-inner\">\n\t\t<div class=\"no-position  elementor-element elementor-element-13be66e e-con-full e-flex e-con e-child\" data-id=\"13be66e\" data-element_type=\"container\">\n\t\t\t\t<div class=\"elementor-element elementor-element-0a245b7 gsap-move-no elementor-widget elementor-widget-rs-image\" data-id=\"0a245b7\" data-element_type=\"widget\" data-widget_type=\"rs-image.default\">\n\t\t\t\t<div class=\"elementor-widget-container\">\n\t\t\t\t\t\n        <div class=\"rs-image no ruler_image_no ruler_position_  \">\n                                                            <img decoding=\"async\" class=\"rs-multi-image  reverse- blend_unset\" src=\"https:\/\/sbp-senegal.com\/wp-content\/uploads\/2025\/04\/Nouveau-projet-18.webp\" alt=\"Nouveau projet-18\"\/>\n                                                                        <\/div>   \n          \n    \t\t\t\t<\/div>\n\t\t\t\t<\/div>\n\t\t\t\t<\/div>\n\t\t<div class=\"no-position  elementor-element elementor-element-659fdfd e-con-full e-flex e-con e-child\" data-id=\"659fdfd\" data-element_type=\"container\">\n\t\t\t\t<div class=\"elementor-element elementor-element-c94cd03 elementor-widget__width-inherit gsap-move-no elementor-widget elementor-widget-rs-heading\" data-id=\"c94cd03\" data-element_type=\"widget\" data-widget_type=\"rs-heading.default\">\n\t\t\t\t<div class=\"elementor-widget-container\">\n\t\t\t\t\t\n\t\t<div class=\"prelements-heading style1  left  animate-\">\n\t\t\t<div class=\"title-inner\">\n\t\t\t\t\t\t\t\t\t<span class=\"sub-text\">\n\t\t\t\t\t\t<svg xmlns=\"http:\/\/www.w3.org\/2000\/svg\" width=\"15\" height=\"1\" viewBox=\"0 0 15 1\" fill=\"none\"><line y1=\"0.5\" x2=\"15\" y2=\"0.5\" stroke=\"#FB5B11\"><\/line><\/svg>About Us\t\t\t\t\t<\/span>\n\t\t\t\t<h2 class=\"title rs-split-text-enable split-in-fade\">La promotion fonci\u00e8re par SENE BATI PLUS : b\u00e2tir aujourd\u2019hui les espaces de vie de demain<\/h2>\n\t\t\t<\/div>\n\t\t\t\t\t\t\t<div class=\"description\">\n\t\t\t\t\t<p>Chez <strong data-start=\"346\" data-end=\"364\">SENE BATI PLUS<\/strong>, la <strong data-start=\"369\" data-end=\"391\">promotion fonci\u00e8re<\/strong> est bien plus qu\u2019un simple investissement immobilier : c\u2019est un engagement fort en faveur du d\u00e9veloppement urbain ma\u00eetris\u00e9, durable et inclusif au <strong data-start=\"539\" data-end=\"550\">S\u00e9n\u00e9gal<\/strong>.<\/p>\t\t\t\t<\/div>\n\t\t\t\t\t<\/div>\n\t\t\t\t<\/div>\n\t\t\t\t<\/div>\n\t\t\t\t<div class=\"elementor-element elementor-element-59a2a0c gsap-move-no elementor-widget elementor-widget-rs-iconbox\" data-id=\"59a2a0c\" data-element_type=\"widget\" data-widget_type=\"rs-iconbox.default\">\n\t\t\t\t<div class=\"elementor-widget-container\">\n\t\t\t\t\t\t\t<div class=\"rs-iconbox-area \">\r\n\t\t    <div class=\"box-inner\">\r\n    \t    \t    \t    \t\t<div class=\"icon-area \">\r\n    \t\t    \t\t    \t\t    \t\t\t\t\t\t\t\t\t\t\t\t\t\t\t\t<img decoding=\"async\" src=\"https:\/\/demo.rstheme.com\/wordpress\/abuild\/wp-content\/uploads\/2024\/10\/about-icon-1.png\" alt=\"about-icon-1\" \/>\r\n\t\t\t\t\t\t\t    \t\t    \t\t    \t    \t\t<\/div>\r\n    \t    \t      \r\n\t\t\t    <div class=\"text-area\">\r\n\t\t\t    \t\t\t\t\t    \t<div class=\"iconbox-title\">\t\t\t\r\n\t\t\t\t    \t\t<h4 class=\"title\"> \r\n\t\t\t\t\t\t\t\t\t\t\t\t\t\tAcquisition et s\u00e9curisation de terrains (avec titres fonciers, bail, d\u00e9lib\u00e9ration, etc.)\t\t\t\t\t\t\t\t\t\t\t\t\t<\/h4>\r\n\t\t\t\t    \t<\/div>\r\n\t\t\t    \t\t\r\n\t\t\t    \t\t\r\n\t\t\t    <\/div>\r\n\t\t\t<\/div>\r\n\t\t<\/div>\t\r\n\t\t\t\t\t<\/div>\n\t\t\t\t<\/div>\n\t\t\t\t<div class=\"elementor-element elementor-element-c1f8bff gsap-move-no elementor-widget elementor-widget-rs-iconbox\" data-id=\"c1f8bff\" data-element_type=\"widget\" data-widget_type=\"rs-iconbox.default\">\n\t\t\t\t<div class=\"elementor-widget-container\">\n\t\t\t\t\t\t\t<div class=\"rs-iconbox-area \">\r\n\t\t    <div class=\"box-inner\">\r\n    \t    \t    \t    \t\t<div class=\"icon-area \">\r\n    \t\t    \t\t    \t\t    \t\t\t\t\t\t\t\t\t\t\t\t\t\t\t\t<img decoding=\"async\" src=\"https:\/\/demo.rstheme.com\/wordpress\/abuild\/wp-content\/uploads\/2024\/10\/about-icon-2.png\" alt=\"\" \/>\r\n\t\t\t\t\t\t\t    \t\t    \t\t    \t    \t\t<\/div>\r\n    \t    \t      \r\n\t\t\t    <div class=\"text-area\">\r\n\t\t\t    \t\t\t\t\t    \t<div class=\"iconbox-title\">\t\t\t\r\n\t\t\t\t    \t\t<h4 class=\"title\"> \r\n\t\t\t\t\t\t\t\t\t\t\t\t\t\t\u00c9tudes d\u2019am\u00e9nagement et lotissements viabilis\u00e9s\t\t\t\t\t\t\t\t\t\t\t\t\t<\/h4>\r\n\t\t\t\t    \t<\/div>\r\n\t\t\t    \t\t\r\n\t\t\t    \t\t\r\n\t\t\t    <\/div>\r\n\t\t\t<\/div>\r\n\t\t<\/div>\t\r\n\t\t\t\t\t<\/div>\n\t\t\t\t<\/div>\n\t\t\t\t<div class=\"elementor-element elementor-element-10c270e gsap-move-no elementor-widget elementor-widget-rs-iconbox\" data-id=\"10c270e\" data-element_type=\"widget\" data-widget_type=\"rs-iconbox.default\">\n\t\t\t\t<div class=\"elementor-widget-container\">\n\t\t\t\t\t\t\t<div class=\"rs-iconbox-area \">\r\n\t\t    <div class=\"box-inner\">\r\n    \t    \t    \t    \t\t<div class=\"icon-area \">\r\n    \t\t    \t\t    \t\t    \t\t\t\t\t\t\t\t\t\t\t\t\t\t\t\t<img decoding=\"async\" src=\"https:\/\/demo.rstheme.com\/wordpress\/abuild\/wp-content\/uploads\/2024\/10\/about-icon-3.png\" alt=\"about-icon-3\" \/>\r\n\t\t\t\t\t\t\t    \t\t    \t\t    \t    \t\t<\/div>\r\n    \t    \t      \r\n\t\t\t    <div class=\"text-area\">\r\n\t\t\t    \t\t\t\t\t    \t<div class=\"iconbox-title\">\t\t\t\r\n\t\t\t\t    \t\t<h4 class=\"title\"> \r\n\t\t\t\t\t\t\t\t\t\t\t\t\t\tCr\u00e9ation de zones r\u00e9sidentielles, commerciales ou mixtes\t\t\t\t\t\t\t\t\t\t\t\t\t<\/h4>\r\n\t\t\t\t    \t<\/div>\r\n\t\t\t    \t\t\r\n\t\t\t    \t\t\r\n\t\t\t    <\/div>\r\n\t\t\t<\/div>\r\n\t\t<\/div>\t\r\n\t\t\t\t\t<\/div>\n\t\t\t\t<\/div>\n\t\t\t\t<\/div>\n\t\t<div class=\"no-position  elementor-element elementor-element-54fd33d e-con-full e-flex e-con e-child\" data-id=\"54fd33d\" data-element_type=\"container\">\n\t\t\t\t<\/div>\n\t\t\t\t\t<\/div>\n\t\t\t\t<\/div>\n\t\t<div class=\"no-position  elementor-element elementor-element-f91b422 e-flex e-con-boxed e-con e-parent\" data-id=\"f91b422\" data-element_type=\"container\">\n\t\t\t\t\t<div class=\"e-con-inner\">\n\t\t<div class=\"no-position  elementor-element elementor-element-ec012fe e-con-full e-flex e-con e-child\" data-id=\"ec012fe\" data-element_type=\"container\">\n\t\t\t\t<div class=\"elementor-element elementor-element-747d0e6 gsap-move-no elementor-widget elementor-widget-rs-heading\" data-id=\"747d0e6\" data-element_type=\"widget\" data-widget_type=\"rs-heading.default\">\n\t\t\t\t<div class=\"elementor-widget-container\">\n\t\t\t\t\t\n\t\t<div class=\"prelements-heading style1    animate-\">\n\t\t\t<div class=\"title-inner\">\n\t\t\t\t\t\t\t\t\t<span class=\"sub-text\">\n\t\t\t\t\t\t<svg xmlns=\"http:\/\/www.w3.org\/2000\/svg\" width=\"15\" height=\"1\" viewBox=\"0 0 15 1\" fill=\"none\"><line y1=\"0.5\" x2=\"15\" y2=\"0.5\" stroke=\"#FB5B11\"><\/line><\/svg>Nos services\t\t\t\t\t<\/span>\n\t\t\t\t<h2 class=\"title rs-split-text-enable split-in-fade\"> B\u00e2tir aujourd\u2019hui les espaces de vie de demain<\/h2>\n\t\t\t<\/div>\n\t\t\t\t\t<\/div>\n\t\t\t\t<\/div>\n\t\t\t\t<\/div>\n\t\t\t\t<\/div>\n\t\t<div class=\"no-position  elementor-element elementor-element-51046a6 e-con-full e-flex e-con e-child\" data-id=\"51046a6\" data-element_type=\"container\">\n\t\t\t\t<\/div>\n\t\t\t\t\t<\/div>\n\t\t\t\t<\/div>\n\t\t<div class=\"no-position  elementor-element elementor-element-611712c e-flex e-con-boxed e-con e-parent\" data-id=\"611712c\" data-element_type=\"container\">\n\t\t\t\t\t<div class=\"e-con-inner\">\n\t\t<div class=\"no-position  elementor-element elementor-element-1ee61b3 e-con-full e-flex e-con e-child\" data-id=\"1ee61b3\" data-element_type=\"container\">\n\t\t\t\t<div class=\"elementor-element elementor-element-6b0538c gsap-move-no elementor-widget elementor-widget-image\" data-id=\"6b0538c\" data-element_type=\"widget\" data-widget_type=\"image.default\">\n\t\t\t\t<div class=\"elementor-widget-container\">\n\t\t\t\t\t\t\t\t\t\t\t\t\t\t\t<img fetchpriority=\"high\" decoding=\"async\" width=\"640\" height=\"387\" src=\"https:\/\/sbp-senegal.com\/wp-content\/uploads\/2025\/04\/Nouveau-projet-18-2.webp\" class=\"attachment-large size-large wp-image-16381\" alt=\"\" srcset=\"https:\/\/sbp-senegal.com\/wp-content\/uploads\/2025\/04\/Nouveau-projet-18-2.webp 860w, https:\/\/sbp-senegal.com\/wp-content\/uploads\/2025\/04\/Nouveau-projet-18-2-300x181.webp 300w, https:\/\/sbp-senegal.com\/wp-content\/uploads\/2025\/04\/Nouveau-projet-18-2-768x464.webp 768w\" sizes=\"(max-width: 640px) 100vw, 640px\" \/>\t\t\t\t\t\t\t\t\t\t\t\t\t\t\t<\/div>\n\t\t\t\t<\/div>\n\t\t\t\t<\/div>\n\t\t<div class=\"no-position  elementor-element elementor-element-9539edd e-con-full e-flex e-con e-child\" data-id=\"9539edd\" data-element_type=\"container\">\n\t\t<div class=\"no-position  elementor-element elementor-element-06ad0b1 e-con-full e-flex e-con e-child\" data-id=\"06ad0b1\" data-element_type=\"container\">\n\t\t\t\t<div class=\"elementor-element elementor-element-3c22ff8 gsap-move-no elementor-widget elementor-widget-image\" data-id=\"3c22ff8\" data-element_type=\"widget\" data-widget_type=\"image.default\">\n\t\t\t\t<div class=\"elementor-widget-container\">\n\t\t\t\t\t\t\t\t\t\t\t\t\t\t\t<img decoding=\"async\" width=\"640\" height=\"387\" src=\"https:\/\/sbp-senegal.com\/wp-content\/uploads\/2025\/04\/Nouveau-projet-20-1.webp\" class=\"attachment-large size-large wp-image-16383\" alt=\"\" srcset=\"https:\/\/sbp-senegal.com\/wp-content\/uploads\/2025\/04\/Nouveau-projet-20-1.webp 860w, https:\/\/sbp-senegal.com\/wp-content\/uploads\/2025\/04\/Nouveau-projet-20-1-300x181.webp 300w, https:\/\/sbp-senegal.com\/wp-content\/uploads\/2025\/04\/Nouveau-projet-20-1-768x464.webp 768w\" sizes=\"(max-width: 640px) 100vw, 640px\" \/>\t\t\t\t\t\t\t\t\t\t\t\t\t\t\t<\/div>\n\t\t\t\t<\/div>\n\t\t\t\t<\/div>\n\t\t<div class=\"no-position  elementor-element elementor-element-c3d2eca e-con-full e-flex e-con e-child\" data-id=\"c3d2eca\" data-element_type=\"container\">\n\t\t\t\t<div class=\"elementor-element elementor-element-cb07bec gsap-move-no elementor-widget elementor-widget-image\" data-id=\"cb07bec\" data-element_type=\"widget\" data-widget_type=\"image.default\">\n\t\t\t\t<div class=\"elementor-widget-container\">\n\t\t\t\t\t\t\t\t\t\t\t\t\t\t\t<img decoding=\"async\" width=\"640\" height=\"308\" src=\"https:\/\/sbp-senegal.com\/wp-content\/uploads\/2025\/04\/WhatsApp-Image-2025-04-03-at-15.54.55-2.jpeg\" class=\"attachment-large size-large wp-image-16384\" alt=\"\" srcset=\"https:\/\/sbp-senegal.com\/wp-content\/uploads\/2025\/04\/WhatsApp-Image-2025-04-03-at-15.54.55-2.jpeg 1024w, https:\/\/sbp-senegal.com\/wp-content\/uploads\/2025\/04\/WhatsApp-Image-2025-04-03-at-15.54.55-2-300x144.jpeg 300w, https:\/\/sbp-senegal.com\/wp-content\/uploads\/2025\/04\/WhatsApp-Image-2025-04-03-at-15.54.55-2-768x370.jpeg 768w\" sizes=\"(max-width: 640px) 100vw, 640px\" \/>\t\t\t\t\t\t\t\t\t\t\t\t\t\t\t<\/div>\n\t\t\t\t<\/div>\n\t\t\t\t<\/div>\n\t\t\t\t<\/div>\n\t\t\t\t\t<\/div>\n\t\t\t\t<\/div>\n\t\t\t\t<\/div>\n\t\t","protected":false},"excerpt":{"rendered":"<p>About Us La promotion fonci\u00e8re par SENE BATI PLUS : b\u00e2tir aujourd\u2019hui les espaces de vie de demain Chez SENE BATI PLUS, la promotion fonci\u00e8re est bien plus qu\u2019un simple investissement immobilier : c\u2019est un engagement fort en faveur du d\u00e9veloppement urbain ma\u00eetris\u00e9, durable et inclusif au S\u00e9n\u00e9gal. Acquisition et s\u00e9curisation de terrains (avec titres&#8230;<\/p>\n","protected":false},"author":1,"featured_media":0,"parent":0,"menu_order":0,"comment_status":"closed","ping_status":"closed","template":"elementor_header_footer","meta":{"_monsterinsights_skip_tracking":false,"_monsterinsights_sitenote_active":false,"_monsterinsights_sitenote_note":"","_monsterinsights_sitenote_category":0,"footnotes":""},"class_list":["post-10924","page","type-page","status-publish","hentry"],"aioseo_notices":[],"_links":{"self":[{"href":"https:\/\/sbp-senegal.com\/index.php?rest_route=\/wp\/v2\/pages\/10924","targetHints":{"allow":["GET"]}}],"collection":[{"href":"https:\/\/sbp-senegal.com\/index.php?rest_route=\/wp\/v2\/pages"}],"about":[{"href":"https:\/\/sbp-senegal.com\/index.php?rest_route=\/wp\/v2\/types\/page"}],"author":[{"embeddable":true,"href":"https:\/\/sbp-senegal.com\/index.php?rest_route=\/wp\/v2\/users\/1"}],"replies":[{"embeddable":true,"href":"https:\/\/sbp-senegal.com\/index.php?rest_route=%2Fwp%2Fv2%2Fcomments&post=10924"}],"version-history":[{"count":13,"href":"https:\/\/sbp-senegal.com\/index.php?rest_route=\/wp\/v2\/pages\/10924\/revisions"}],"predecessor-version":[{"id":16387,"href":"https:\/\/sbp-senegal.com\/index.php?rest_route=\/wp\/v2\/pages\/10924\/revisions\/16387"}],"wp:attachment":[{"href":"https:\/\/sbp-senegal.com\/index.php?rest_route=%2Fwp%2Fv2%2Fmedia&parent=10924"}],"curies":[{"name":"wp","href":"https:\/\/api.w.org\/{rel}","templated":true}]}}